{"id":29501,"date":"2019-09-24T16:06:05","date_gmt":"2019-09-24T14:06:05","guid":{"rendered":"https:\/\/montremih.ch\/the-mih\/"},"modified":"2024-09-19T12:03:14","modified_gmt":"2024-09-19T10:03:14","slug":"the-mih","status":"publish","type":"page","link":"https:\/\/montremih.ch\/en\/the-mih\/","title":{"rendered":"The MIH"},"content":{"rendered":"\t\t<div data-elementor-type=\"wp-page\" data-elementor-id=\"29501\" class=\"elementor elementor-29501 elementor-28853\" data-elementor-post-type=\"page\">\n\t\t\t\t\t\t<section class=\"elementor-section elementor-top-section elementor-element elementor-element-e27b946 elementor-section-stretched elementor-section-full_width elementor-section-height-full elementor-section-items-stretch elementor-section-height-default\" data-id=\"e27b946\" data-element_type=\"section\" data-settings=\"{&quot;stretch_section&quot;:&quot;section-stretched&quot;,&quot;background_background&quot;:&quot;classic&quot;}\">\n\t\t\t\t\t\t<div class=\"elementor-container elementor-column-gap-wider\">\n\t\t\t\t\t<div class=\"elementor-column elementor-col-50 elementor-top-column elementor-element elementor-element-9fc331c elementor-invisible\" data-id=\"9fc331c\" data-element_type=\"column\" data-settings=\"{&quot;background_background&quot;:&quot;classic&quot;,&quot;animation&quot;:&quot;fadeInLeft&quot;}\">\n\t\t\t<div class=\"elementor-widget-wrap elementor-element-populated\">\n\t\t\t\t\t<div class=\"elementor-background-overlay\"><\/div>\n\t\t\t\t\t\t<div class=\"elementor-element elementor-element-707dfaa elementor-widget elementor-widget-text-editor\" data-id=\"707dfaa\" data-element_type=\"widget\" data-widget_type=\"text-editor.default\">\n\t\t\t\t<div class=\"elementor-widget-container\">\n\t\t\t\t\t\t\t<h1><span style=\"color: #ffffff;\">The MIH<\/span><\/h1>\n<h1><span style=\"color: #ffffff;\">Mus\u00e9e international d\u2019horlogerie <\/span><br \/>\n<span style=\"color: #ffffff;\">La Chaux-de-Fonds<\/span><\/h1>\n<div><\/div>\n<div><\/div>\n<div><\/div>\n<div><\/div>\n\t\t\t\t\t\t<\/div>\n\t\t\t\t<\/div>\n\t\t\t\t\t<\/div>\n\t\t<\/div>\n\t\t\t\t<div class=\"elementor-column elementor-col-50 elementor-top-column elementor-element elementor-element-eb8db48\" data-id=\"eb8db48\" data-element_type=\"column\">\n\t\t\t<div class=\"elementor-widget-wrap\">\n\t\t\t\t\t\t\t<\/div>\n\t\t<\/div>\n\t\t\t\t\t<\/div>\n\t\t<\/section>\n\t\t\t\t<section class=\"elementor-section elementor-top-section elementor-element elementor-element-0448365 elementor-section-stretched elementor-section-full_width elementor-section-height-default elementor-section-height-default\" data-id=\"0448365\" data-element_type=\"section\" data-settings=\"{&quot;stretch_section&quot;:&quot;section-stretched&quot;}\">\n\t\t\t\t\t\t<div class=\"elementor-container elementor-column-gap-wider\">\n\t\t\t\t\t<div class=\"elementor-column elementor-col-50 elementor-top-column elementor-element elementor-element-0237c0a\" data-id=\"0237c0a\" data-element_type=\"column\">\n\t\t\t<div class=\"elementor-widget-wrap elementor-element-populated\">\n\t\t\t\t\t\t<div class=\"elementor-element elementor-element-4bd0fd0 elementor-invisible elementor-widget elementor-widget-text-editor\" data-id=\"4bd0fd0\" data-element_type=\"widget\" data-settings=\"{&quot;_animation&quot;:&quot;fadeIn&quot;}\" data-widget_type=\"text-editor.default\">\n\t\t\t\t<div class=\"elementor-widget-container\">\n\t\t\t\t\t\t\t<h1>MIH: uncovering treasures of horological heritage<\/h1>\n<p>The MIH is a shrine to the measurement of time, from its earliest origins to the present day. It holds the world\u2019s largest collection with over 10,000 artefacts, of which some 3000 are on display, along with tools and machines used for measuring time. The museum has three main sections\u2009: exhibitions, documentation and research, as well as restoration of antique pieces.<\/p>\n\t\t\t\t\t\t<\/div>\n\t\t\t\t<\/div>\n\t\t\t\t<section class=\"elementor-section elementor-inner-section elementor-element elementor-element-21793bc elementor-section-boxed elementor-section-height-default elementor-section-height-default\" data-id=\"21793bc\" data-element_type=\"section\">\n\t\t\t\t\t\t<div class=\"elementor-container elementor-column-gap-default\">\n\t\t\t\t\t<div class=\"elementor-column elementor-col-50 elementor-inner-column elementor-element elementor-element-53d437d\" data-id=\"53d437d\" data-element_type=\"column\">\n\t\t\t<div class=\"elementor-widget-wrap\">\n\t\t\t\t\t\t\t<\/div>\n\t\t<\/div>\n\t\t\t\t<div class=\"elementor-column elementor-col-50 elementor-inner-column elementor-element elementor-element-188482c elementor-invisible\" data-id=\"188482c\" data-element_type=\"column\" data-settings=\"{&quot;animation&quot;:&quot;zoomIn&quot;}\">\n\t\t\t<div class=\"elementor-widget-wrap elementor-element-populated\">\n\t\t\t\t\t\t<div class=\"elementor-element elementor-element-a99080c btnmih elementor-widget elementor-widget-button\" data-id=\"a99080c\" data-element_type=\"widget\" data-widget_type=\"button.default\">\n\t\t\t\t<div class=\"elementor-widget-container\">\n\t\t\t\t\t<div class=\"elementor-button-wrapper\">\n\t\t\t<a class=\"elementor-button elementor-button-link elementor-size-md elementor-animation-grow\" href=\"http:\/\/www.chaux-de-fonds.ch\/musees\/mih\" target=\"_blank\">\n\t\t\t\t\t\t<span class=\"elementor-button-content-wrapper\">\n\t\t\t\t\t\t\t\t\t<span class=\"elementor-button-text\">mih.ch<\/span>\n\t\t\t\t\t<\/span>\n\t\t\t\t\t<\/a>\n\t\t<\/div>\n\t\t\t\t<\/div>\n\t\t\t\t<\/div>\n\t\t\t\t\t<\/div>\n\t\t<\/div>\n\t\t\t\t\t<\/div>\n\t\t<\/section>\n\t\t\t\t\t<\/div>\n\t\t<\/div>\n\t\t\t\t<div class=\"elementor-column elementor-col-50 elementor-top-column elementor-element elementor-element-b4a9fbd imgfull elementor-invisible\" data-id=\"b4a9fbd\" data-element_type=\"column\" data-settings=\"{&quot;animation&quot;:&quot;fadeIn&quot;}\">\n\t\t\t<div class=\"elementor-widget-wrap elementor-element-populated\">\n\t\t\t\t\t\t<div class=\"elementor-element elementor-element-3e1b52c elementor-widget elementor-widget-image\" data-id=\"3e1b52c\" data-element_type=\"widget\" data-widget_type=\"image.default\">\n\t\t\t\t<div class=\"elementor-widget-container\">\n\t\t\t\t\t\t\t\t\t\t\t\t\t<img fetchpriority=\"high\" decoding=\"async\" width=\"742\" height=\"1024\" src=\"https:\/\/montremih.ch\/wp-content\/uploads\/2019\/09\/mih_interieur-742x1024.jpg\" class=\"attachment-large size-large wp-image-29503\" alt=\"\" srcset=\"https:\/\/montremih.ch\/wp-content\/uploads\/2019\/09\/mih_interieur-742x1024.jpg 742w, https:\/\/montremih.ch\/wp-content\/uploads\/2019\/09\/mih_interieur-218x300.jpg 218w, https:\/\/montremih.ch\/wp-content\/uploads\/2019\/09\/mih_interieur-768x1059.jpg 768w, https:\/\/montremih.ch\/wp-content\/uploads\/2019\/09\/mih_interieur.jpg 870w\" sizes=\"(max-width: 742px) 100vw, 742px\" \/>\t\t\t\t\t\t\t\t\t\t\t\t\t<\/div>\n\t\t\t\t<\/div>\n\t\t\t\t\t<\/div>\n\t\t<\/div>\n\t\t\t\t\t<\/div>\n\t\t<\/section>\n\t\t\t\t<section class=\"elementor-section elementor-top-section elementor-element elementor-element-7706d4c elementor-section-stretched elementor-section-full_width elementor-reverse-tablet elementor-reverse-mobile elementor-section-height-default elementor-section-height-default\" data-id=\"7706d4c\" data-element_type=\"section\" data-settings=\"{&quot;stretch_section&quot;:&quot;section-stretched&quot;}\">\n\t\t\t\t\t\t<div class=\"elementor-container elementor-column-gap-wider\">\n\t\t\t\t\t<div class=\"elementor-column elementor-col-50 elementor-top-column elementor-element elementor-element-e6951c4 imgfull elementor-invisible\" data-id=\"e6951c4\" data-element_type=\"column\" data-settings=\"{&quot;animation&quot;:&quot;fadeIn&quot;}\">\n\t\t\t<div class=\"elementor-widget-wrap elementor-element-populated\">\n\t\t\t\t\t\t<div class=\"elementor-element elementor-element-f6906c1 elementor-widget elementor-widget-image\" data-id=\"f6906c1\" data-element_type=\"widget\" data-widget_type=\"image.default\">\n\t\t\t\t<div class=\"elementor-widget-container\">\n\t\t\t\t\t\t\t\t\t\t\t\t\t<img decoding=\"async\" width=\"850\" height=\"1024\" src=\"https:\/\/montremih.ch\/wp-content\/uploads\/2024\/09\/prix-gaia-850x1024.webp\" class=\"attachment-large size-large wp-image-37594\" alt=\"\" srcset=\"https:\/\/montremih.ch\/wp-content\/uploads\/2024\/09\/prix-gaia-850x1024.webp 850w, https:\/\/montremih.ch\/wp-content\/uploads\/2024\/09\/prix-gaia-249x300.webp 249w, https:\/\/montremih.ch\/wp-content\/uploads\/2024\/09\/prix-gaia-768x925.webp 768w, https:\/\/montremih.ch\/wp-content\/uploads\/2024\/09\/prix-gaia-1276x1536.webp 1276w, https:\/\/montremih.ch\/wp-content\/uploads\/2024\/09\/prix-gaia-600x722.webp 600w, https:\/\/montremih.ch\/wp-content\/uploads\/2024\/09\/prix-gaia.webp 1661w\" sizes=\"(max-width: 850px) 100vw, 850px\" \/>\t\t\t\t\t\t\t\t\t\t\t\t\t<\/div>\n\t\t\t\t<\/div>\n\t\t\t\t\t<\/div>\n\t\t<\/div>\n\t\t\t\t<div class=\"elementor-column elementor-col-50 elementor-top-column elementor-element elementor-element-dcc6cca\" data-id=\"dcc6cca\" data-element_type=\"column\">\n\t\t\t<div class=\"elementor-widget-wrap elementor-element-populated\">\n\t\t\t\t\t\t<div class=\"elementor-element elementor-element-0ab93ab elementor-invisible elementor-widget elementor-widget-text-editor\" data-id=\"0ab93ab\" data-element_type=\"widget\" data-settings=\"{&quot;_animation&quot;:&quot;fadeIn&quot;}\" data-widget_type=\"text-editor.default\">\n\t\t\t\t<div class=\"elementor-widget-container\">\n\t\t\t\t\t\t\t<h1>The Ga\u00efa Prize<\/h1>\n<p>Creativity, innovation, insight, originality. Each year, the Ga\u00efa Prize celebrates the dynamism of the watchmaking world.<\/p>\n<p>In 1993, the International Watchmaking Museum created the Ga\u00efa Prize to honour individuals who have contributed, or are contributing, to the renown of watchmaking\u2014its history, its techniques, and its industry. Unique in its kind, the Ga\u00efa Prize stands out by selecting the best among the best. The museum sought to acknowledge the spiritual heirs of the watchmaking culture that permeates both its collections and the city itself.<\/p>\n<p>The Ga\u00efa Prize was established in tribute to one of the museum&#8217;s first patrons, Maurice Ditisheim, who was the Chairman of the Board of the Bureau de Contr\u00f4le des Ouvrages en M\u00e9taux Pr\u00e9cieux (Precious Metals Assay Office). It has earned a reputation on the international watchmaking stage as &#8220;the Nobel Prize&#8221; of watchmaking.<\/p>\n<p>Ga\u00efa, in ancient Greek, means &#8220;Earth,&#8221; and is also the name of the goddess symbolizing it.<\/p>\n<p>The Ga\u00efa distinction is represented by an acrylic globe pierced by a beam of light.<\/p>\n\t\t\t\t\t\t<\/div>\n\t\t\t\t<\/div>\n\t\t\t\t<section class=\"elementor-section elementor-inner-section elementor-element elementor-element-dd76682 elementor-section-boxed elementor-section-height-default elementor-section-height-default\" data-id=\"dd76682\" data-element_type=\"section\">\n\t\t\t\t\t\t<div class=\"elementor-container elementor-column-gap-default\">\n\t\t\t\t\t<div class=\"elementor-column elementor-col-50 elementor-inner-column elementor-element elementor-element-40d6c2f\" data-id=\"40d6c2f\" data-element_type=\"column\">\n\t\t\t<div class=\"elementor-widget-wrap\">\n\t\t\t\t\t\t\t<\/div>\n\t\t<\/div>\n\t\t\t\t<div class=\"elementor-column elementor-col-50 elementor-inner-column elementor-element elementor-element-5012dba elementor-invisible\" data-id=\"5012dba\" data-element_type=\"column\" data-settings=\"{&quot;animation&quot;:&quot;zoomIn&quot;}\">\n\t\t\t<div class=\"elementor-widget-wrap elementor-element-populated\">\n\t\t\t\t\t\t<div class=\"elementor-element elementor-element-f8d2306 btnmih elementor-widget elementor-widget-button\" data-id=\"f8d2306\" data-element_type=\"widget\" data-widget_type=\"button.default\">\n\t\t\t\t<div class=\"elementor-widget-container\">\n\t\t\t\t\t<div class=\"elementor-button-wrapper\">\n\t\t\t<a class=\"elementor-button elementor-button-link elementor-size-md elementor-animation-grow\" href=\"https:\/\/www.chaux-de-fonds.ch\/musees\/mih\/prix-gaia\" target=\"_blank\">\n\t\t\t\t\t\t<span class=\"elementor-button-content-wrapper\">\n\t\t\t\t\t\t\t\t\t<span class=\"elementor-button-text\">learn more<\/span>\n\t\t\t\t\t<\/span>\n\t\t\t\t\t<\/a>\n\t\t<\/div>\n\t\t\t\t<\/div>\n\t\t\t\t<\/div>\n\t\t\t\t\t<\/div>\n\t\t<\/div>\n\t\t\t\t\t<\/div>\n\t\t<\/section>\n\t\t\t\t\t<\/div>\n\t\t<\/div>\n\t\t\t\t\t<\/div>\n\t\t<\/section>\n\t\t\t\t<\/div>\n\t\t","protected":false},"excerpt":{"rendered":"<p>The MIH Mus\u00e9e international d\u2019horlogerie La Chaux-de-Fonds MIH: uncovering treasures of horological heritage The MIH is a shrine to the measurement of time, from its earliest origins to the present day. It holds the world\u2019s largest collection with over 10,000 artefacts, of which some 3000 are on display, along with tools and machines used for [&hellip;]<\/p>\n","protected":false},"author":1,"featured_media":0,"parent":0,"menu_order":0,"comment_status":"closed","ping_status":"closed","template":"","meta":{"footnotes":""},"class_list":["post-29501","page","type-page","status-publish","hentry","entry","owp-thumbs-layout-horizontal","owp-btn-normal","owp-tabs-layout-horizontal","has-no-thumbnails","has-product-nav"],"_links":{"self":[{"href":"https:\/\/montremih.ch\/en\/wp-json\/wp\/v2\/pages\/29501"}],"collection":[{"href":"https:\/\/montremih.ch\/en\/wp-json\/wp\/v2\/pages"}],"about":[{"href":"https:\/\/montremih.ch\/en\/wp-json\/wp\/v2\/types\/page"}],"author":[{"embeddable":true,"href":"https:\/\/montremih.ch\/en\/wp-json\/wp\/v2\/users\/1"}],"replies":[{"embeddable":true,"href":"https:\/\/montremih.ch\/en\/wp-json\/wp\/v2\/comments?post=29501"}],"version-history":[{"count":2,"href":"https:\/\/montremih.ch\/en\/wp-json\/wp\/v2\/pages\/29501\/revisions"}],"predecessor-version":[{"id":38038,"href":"https:\/\/montremih.ch\/en\/wp-json\/wp\/v2\/pages\/29501\/revisions\/38038"}],"wp:attachment":[{"href":"https:\/\/montremih.ch\/en\/wp-json\/wp\/v2\/media?parent=29501"}],"curies":[{"name":"wp","href":"https:\/\/api.w.org\/{rel}","templated":true}]}}